{"id":103,"date":"2022-03-02T18:21:29","date_gmt":"2022-03-02T17:21:29","guid":{"rendered":"https:\/\/gudrun-staging.piekfeine-it.de\/?page_id=103"},"modified":"2022-03-09T20:00:47","modified_gmt":"2022-03-09T19:00:47","slug":"weitere-therapien","status":"publish","type":"page","link":"https:\/\/naturheilpraxis-malente.de\/index.php\/behandlungsmethoden-2\/weitere-therapien\/","title":{"rendered":"Weitere Therapien"},"content":{"rendered":"\n<ul class=\"wp-block-list\"><li>Stoffwechselkuren<\/li><li>Ern\u00e4hrungsberatung<\/li><li>Bachbl\u00fctentherapie<\/li><li>Hot-Stone Behandlung<\/li><li>Reiki (Energiearbeit)<\/li><li>Besprechen (zum Beispiel bei G\u00fcrtelrose)<\/li><li>Heilfasten<\/li><li>Biochemie (nach Sch\u00fcssler)<\/li><li>Autogenes Training<\/li><li>Hom\u00f6opathie<\/li><\/ul>\n","protected":false},"excerpt":{"rendered":"<p>Stoffwechselkuren Ern\u00e4hrungsberatung Bachbl\u00fctentherapie Hot-Stone Behandlung Reiki (Energiearbeit) Besprechen (zum Beispiel bei G\u00fcrtelrose) Heilfasten Biochemie (nach Sch\u00fcssler) Autogenes Training Hom\u00f6opathie<\/p>\n","protected":false},"author":1,"featured_media":139,"parent":81,"menu_order":0,"comment_status":"closed","ping_status":"closed","template":"","meta":{"footnotes":""},"class_list":["post-103","page","type-page","status-publish","has-post-thumbnail","hentry"],"_links":{"self":[{"href":"https:\/\/naturheilpraxis-malente.de\/index.php\/wp-json\/wp\/v2\/pages\/103","targetHints":{"allow":["GET"]}}],"collection":[{"href":"https:\/\/naturheilpraxis-malente.de\/index.php\/wp-json\/wp\/v2\/pages"}],"about":[{"href":"https:\/\/naturheilpraxis-malente.de\/index.php\/wp-json\/wp\/v2\/types\/page"}],"author":[{"embeddable":true,"href":"https:\/\/naturheilpraxis-malente.de\/index.php\/wp-json\/wp\/v2\/users\/1"}],"replies":[{"embeddable":true,"href":"https:\/\/naturheilpraxis-malente.de\/index.php\/wp-json\/wp\/v2\/comments?post=103"}],"version-history":[{"count":5,"href":"https:\/\/naturheilpraxis-malente.de\/index.php\/wp-json\/wp\/v2\/pages\/103\/revisions"}],"predecessor-version":[{"id":238,"href":"https:\/\/naturheilpraxis-malente.de\/index.php\/wp-json\/wp\/v2\/pages\/103\/revisions\/238"}],"up":[{"embeddable":true,"href":"https:\/\/naturheilpraxis-malente.de\/index.php\/wp-json\/wp\/v2\/pages\/81"}],"wp:featuredmedia":[{"embeddable":true,"href":"https:\/\/naturheilpraxis-malente.de\/index.php\/wp-json\/wp\/v2\/media\/139"}],"wp:attachment":[{"href":"https:\/\/naturheilpraxis-malente.de\/index.php\/wp-json\/wp\/v2\/media?parent=103"}],"curies":[{"name":"wp","href":"https:\/\/api.w.org\/{rel}","templated":true}]}}