{"id":101,"date":"2022-03-02T18:21:09","date_gmt":"2022-03-02T17:21:09","guid":{"rendered":"https:\/\/gudrun-staging.piekfeine-it.de\/?page_id=101"},"modified":"2022-03-03T21:58:39","modified_gmt":"2022-03-03T20:58:39","slug":"fussreflexzonenmassage","status":"publish","type":"page","link":"https:\/\/naturheilpraxis-malente.de\/index.php\/behandlungsmethoden-2\/fussreflexzonenmassage\/","title":{"rendered":"Fu\u00dfreflexzonenmassage"},"content":{"rendered":"\n<div class=\"wp-block-columns is-layout-flex wp-container-core-columns-is-layout-9d6595d7 wp-block-columns-is-layout-flex\">\n<div class=\"wp-block-column is-layout-flow wp-block-column-is-layout-flow\" style=\"flex-basis:33.33%\">\n<figure class=\"wp-block-image size-large\"><img loading=\"lazy\" decoding=\"async\" width=\"683\" height=\"1024\" src=\"https:\/\/gudrun-staging.piekfeine-it.de\/wp-content\/uploads\/2022\/03\/pexels-koolshooters-6628700-683x1024.jpg\" alt=\"\" class=\"wp-image-190\" srcset=\"https:\/\/naturheilpraxis-malente.de\/wp-content\/uploads\/2022\/03\/pexels-koolshooters-6628700-683x1024.jpg 683w, https:\/\/naturheilpraxis-malente.de\/wp-content\/uploads\/2022\/03\/pexels-koolshooters-6628700-200x300.jpg 200w, https:\/\/naturheilpraxis-malente.de\/wp-content\/uploads\/2022\/03\/pexels-koolshooters-6628700-768x1152.jpg 768w, https:\/\/naturheilpraxis-malente.de\/wp-content\/uploads\/2022\/03\/pexels-koolshooters-6628700-1024x1536.jpg 1024w, https:\/\/naturheilpraxis-malente.de\/wp-content\/uploads\/2022\/03\/pexels-koolshooters-6628700-1365x2048.jpg 1365w, https:\/\/naturheilpraxis-malente.de\/wp-content\/uploads\/2022\/03\/pexels-koolshooters-6628700-40x60.jpg 40w, https:\/\/naturheilpraxis-malente.de\/wp-content\/uploads\/2022\/03\/pexels-koolshooters-6628700-scaled.jpg 1707w\" sizes=\"auto, (max-width: 683px) 100vw, 683px\" \/><\/figure>\n<\/div>\n\n\n\n<div class=\"wp-block-column is-layout-flow wp-block-column-is-layout-flow\" style=\"flex-basis:66.66%\">\n<p>Hierbei handelt es sich um eine ganzheitliche physikalische Therapie, der zufolge H\u00e4nde und F\u00fc\u00dfe mit anderen K\u00f6rperteilen in Verbindung stehen und \u00fcber die Massage bestimmter Druckpunkte organische Beschwerden gelindert werden k\u00f6nnen.<\/p>\n\n\n\n<p>Es kommt zur Entspannung des K\u00f6rpers<\/p>\n\n\n\n<ul class=\"wp-block-list\"><li>Stress<\/li><li>Anspannung<\/li><li>Druck<\/li><\/ul>\n\n\n\n<p>werden abgebaut<\/p>\n\n\n\n<ul class=\"wp-block-list\"><li>die Muskulatur gelockert<\/li><li>Blutzirkulation angeregt<\/li><li>Ausscheidung von Giftstoffen, Nieren und Blasent\u00e4tigkeit angeregt<\/li><\/ul>\n<\/div>\n<\/div>\n","protected":false},"excerpt":{"rendered":"<p>Hierbei handelt es sich um eine ganzheitliche physikalische Therapie, der zufolge H\u00e4nde und F\u00fc\u00dfe mit anderen K\u00f6rperteilen in Verbindung stehen und \u00fcber die Massage bestimmter Druckpunkte organische Beschwerden gelindert werden &hellip; <\/p>\n","protected":false},"author":1,"featured_media":118,"parent":81,"menu_order":0,"comment_status":"closed","ping_status":"closed","template":"","meta":{"footnotes":""},"class_list":["post-101","page","type-page","status-publish","has-post-thumbnail","hentry"],"_links":{"self":[{"href":"https:\/\/naturheilpraxis-malente.de\/index.php\/wp-json\/wp\/v2\/pages\/101","targetHints":{"allow":["GET"]}}],"collection":[{"href":"https:\/\/naturheilpraxis-malente.de\/index.php\/wp-json\/wp\/v2\/pages"}],"about":[{"href":"https:\/\/naturheilpraxis-malente.de\/index.php\/wp-json\/wp\/v2\/types\/page"}],"author":[{"embeddable":true,"href":"https:\/\/naturheilpraxis-malente.de\/index.php\/wp-json\/wp\/v2\/users\/1"}],"replies":[{"embeddable":true,"href":"https:\/\/naturheilpraxis-malente.de\/index.php\/wp-json\/wp\/v2\/comments?post=101"}],"version-history":[{"count":3,"href":"https:\/\/naturheilpraxis-malente.de\/index.php\/wp-json\/wp\/v2\/pages\/101\/revisions"}],"predecessor-version":[{"id":195,"href":"https:\/\/naturheilpraxis-malente.de\/index.php\/wp-json\/wp\/v2\/pages\/101\/revisions\/195"}],"up":[{"embeddable":true,"href":"https:\/\/naturheilpraxis-malente.de\/index.php\/wp-json\/wp\/v2\/pages\/81"}],"wp:featuredmedia":[{"embeddable":true,"href":"https:\/\/naturheilpraxis-malente.de\/index.php\/wp-json\/wp\/v2\/media\/118"}],"wp:attachment":[{"href":"https:\/\/naturheilpraxis-malente.de\/index.php\/wp-json\/wp\/v2\/media?parent=101"}],"curies":[{"name":"wp","href":"https:\/\/api.w.org\/{rel}","templated":true}]}}